{"id":14873,"date":"2025-01-31T13:42:00","date_gmt":"2025-01-31T11:42:00","guid":{"rendered":"http:\/\/52.58.36.10\/?page_id=14873"},"modified":"2025-01-31T13:44:11","modified_gmt":"2025-01-31T11:44:11","slug":"oportunitati-de-cariera-iframe","status":"publish","type":"page","link":"https:\/\/drmaxromania.com\/en\/oportunitati-de-cariera-iframe\/","title":{"rendered":"Oportunit\u0103\u021bi de carier\u0103 iframe"},"content":{"rendered":"<div data-elementor-type=\"wp-page\" data-elementor-id=\"14873\" class=\"elementor elementor-14873\">\n\t\t\t\t\t\t\t\t\t<section class=\"elementor-section elementor-top-section elementor-element elementor-element-676bc68 elementor-section-boxed elementor-section-height-default elementor-section-height-default\" data-id=\"676bc68\" data-element_type=\"section\">\n\t\t\t\t\t\t<div class=\"elementor-container elementor-column-gap-default\">\n\t\t\t\t\t<div class=\"elementor-column elementor-col-100 elementor-top-column elementor-element elementor-element-25183d5\" data-id=\"25183d5\" data-element_type=\"column\">\n\t\t\t<div class=\"elementor-widget-wrap elementor-element-populated\">\n\t\t\t\t\t\t\t\t<div class=\"elementor-element elementor-element-ae0fce2 text-editor-carier-page elementor-widget elementor-widget-heading\" data-id=\"ae0fce2\" data-element_type=\"widget\" data-widget_type=\"heading.default\">\n\t\t\t\t<div class=\"elementor-widget-container\">\n\t\t\t<style>\/*! elementor - v3.11.2 - 22-02-2023 *\/\n.elementor-heading-title{padding:0;margin:0;line-height:1}.elementor-widget-heading .elementor-heading-title[class*=elementor-size-]>a{color:inherit;font-size:inherit;line-height:inherit}.elementor-widget-heading .elementor-heading-title.elementor-size-small{font-size:15px}.elementor-widget-heading .elementor-heading-title.elementor-size-medium{font-size:19px}.elementor-widget-heading .elementor-heading-title.elementor-size-large{font-size:29px}.elementor-widget-heading .elementor-heading-title.elementor-size-xl{font-size:39px}.elementor-widget-heading .elementor-heading-title.elementor-size-xxl{font-size:59px}<\/style><h3 class=\"elementor-heading-title elementor-size-default\">Apply now!\n<\/h3>\t\t<\/div>\n\t\t\t\t<\/div>\n\t\t\t\t<div class=\"elementor-element elementor-element-621f445 text-editor-carier-page elementor-widget elementor-widget-text-editor\" data-id=\"621f445\" data-element_type=\"widget\" data-widget_type=\"text-editor.default\">\n\t\t\t\t<div class=\"elementor-widget-container\">\n\t\t\t<style>\/*! elementor - v3.11.2 - 22-02-2023 *\/\n.elementor-widget-text-editor.elementor-drop-cap-view-stacked .elementor-drop-cap{background-color:#818a91;color:#fff}.elementor-widget-text-editor.elementor-drop-cap-view-framed .elementor-drop-cap{color:#818a91;border:3px solid;background-color:transparent}.elementor-widget-text-editor:not(.elementor-drop-cap-view-default) .elementor-drop-cap{margin-top:8px}.elementor-widget-text-editor:not(.elementor-drop-cap-view-default) .elementor-drop-cap-letter{width:1em;height:1em}.elementor-widget-text-editor .elementor-drop-cap{float:left;text-align:center;line-height:1;font-size:50px}.elementor-widget-text-editor .elementor-drop-cap-letter{display:inline-block}<\/style>\t\t\t\t<p>Would you like to be part of the Dr. Max Romania team? Share your contact details below, and we\u2019ll be delighted to get in touch to talk about the career opportunities that match your skills and interests.<\/p>\t\t\t\t\t\t<\/div>\n\t\t\t\t<\/div>\n\t\t\t\t<div class=\"elementor-element elementor-element-8a4563a elementor-widget elementor-widget-shortcode\" data-id=\"8a4563a\" data-element_type=\"widget\" data-widget_type=\"shortcode.default\">\n\t\t\t\t<div class=\"elementor-widget-container\">\n\t\t\t\t\t<div class=\"elementor-shortcode\">\t<div class=\"awsm-job-wrap\">\n\n\t\t<div class=\"awsm-filter-wrap\"><form action=\"https:\/\/drmaxromania.com\/wp-admin\/admin-ajax.php\" method=\"POST\"><div class=\"awsm-filter-item-search\"><div class=\"awsm-filter-item-search-in\"><label for=\"awsm-jq-1\" class=\"awsm-sr-only\">Job position<\/label><input type=\"text\" id=\"awsm-jq-1\" name=\"jq\" value=\"\" placeholder=\"Job position\" class=\"awsm-job-search awsm-job-form-control\"><span class=\"awsm-job-search-btn awsm-job-search-icon-wrapper\"><i class=\"awsm-job-icon-search\"><\/i><\/span><span class=\"awsm-job-search-close-btn awsm-job-search-icon-wrapper awsm-job-hide\"><i class=\"awsm-job-icon-close-circle\"><\/i><\/span><\/div><\/div><a href=\"#\" class=\"awsm-filter-toggle\" role=\"button\" aria-pressed=\"false\"><span class=\"awsm-filter-toggle-text-wrapper awsm-sr-only\">Filter by<\/span><svg width=\"100\" height=\"100\" viewbox=\"0 0 100 100\" xmlns=\"http:\/\/www.w3.org\/2000\/svg\" version=\"1.1\" preserveaspectratio=\"xMinYMin\"><path xmlns=\"http:\/\/www.w3.org\/2000\/svg\" fill=\"rgb(9.803922%,9.803922%,9.803922%)\" d=\"M 36.417969 19.9375 L 36.417969 17.265625 C 36.417969 16.160156 35.523438 15.265625 34.417969 15.265625 L 21.578125 15.265625 C 20.476562 15.265625 19.578125 16.160156 19.578125 17.265625 L 19.578125 19.9375 L 11 19.9375 L 11 26.9375 L 19.578125 26.9375 L 19.578125 30.105469 C 19.578125 31.210938 20.476562 32.105469 21.578125 32.105469 L 34.417969 32.105469 C 35.523438 32.105469 36.417969 31.210938 36.417969 30.105469 L 36.417969 26.9375 L 89 26.9375 L 89 19.9375 Z M 58.421875 43.578125 C 58.421875 42.476562 57.527344 41.578125 56.421875 41.578125 L 43.582031 41.578125 C 42.480469 41.578125 41.582031 42.476562 41.582031 43.578125 L 41.582031 46.5 L 11 46.5 L 11 53.5 L 41.582031 53.5 L 41.582031 56.421875 C 41.582031 57.527344 42.480469 58.421875 43.582031 58.421875 L 56.421875 58.421875 C 57.527344 58.421875 58.421875 57.527344 58.421875 56.421875 L 58.421875 53.5 L 89 53.5 L 89 46.5 L 58.421875 46.5 Z M 80.417969 70.140625 C 80.417969 69.035156 79.523438 68.140625 78.417969 68.140625 L 65.578125 68.140625 C 64.476562 68.140625 63.578125 69.035156 63.578125 70.140625 L 63.578125 73.0625 L 11 73.0625 L 11 80.0625 L 63.578125 80.0625 L 63.578125 82.984375 C 63.578125 84.085938 64.476562 84.984375 65.578125 84.984375 L 78.417969 84.984375 C 79.523438 84.984375 80.417969 84.085938 80.417969 82.984375 L 80.417969 80.0625 L 89 80.0625 L 89 73.0625 L 80.417969 73.0625 Z M 80.417969 70.140625\"\/><\/svg><\/a><div class=\"awsm-filter-items\"><div class=\"awsm-filter-item\" data-filter=\"job__location_spec\"><label for=\"awsm-job-location-filter-option-1\" class=\"awsm-sr-only\">All locations<\/label><select name=\"awsm_job_spec[job-location]\" class=\"awsm-filter-option awsm-job-location-filter-option\" id=\"awsm-job-location-filter-option-1\" aria-label=\"All locations\"><option value=\"\">All locations<\/option><option value=\"175\" data-slug=\"alexandria\">Alexandria<\/option><option value=\"43\" data-slug=\"arad\">Arad<\/option><option value=\"116\" data-slug=\"bacau\">Bac\u0103u<\/option><option value=\"151\" data-slug=\"baia-mare\">Baia Mare<\/option><option value=\"83\" data-slug=\"brasov\">Bra\u0219ov<\/option><option value=\"22\" data-slug=\"bucuresti\">Bucure\u0219ti<\/option><option value=\"389\" data-slug=\"campulung-moldovenescu\">C\u00e2mpulung Moldovenescu<\/option><option value=\"60\" data-slug=\"cluj\">Cluj<\/option><option value=\"31\" data-slug=\"cluj-napoca\">Cluj-Napoca<\/option><option value=\"70\" data-slug=\"constanta\">Constan\u021ba<\/option><option value=\"384\" data-slug=\"crevedia\">Crevedia<\/option><option value=\"149\" data-slug=\"cugir\">Cugir<\/option><option value=\"140\" data-slug=\"drobeta-turnu-severin\">Drobeta-Turnu Severin<\/option><option value=\"331\" data-slug=\"floresti\">floresti<\/option><option value=\"184\" data-slug=\"giurgiu\">Giurgiu<\/option><option value=\"193\" data-slug=\"ilfov\">Ilfov<\/option><option value=\"64\" data-slug=\"ineu\">Ineu<\/option><option value=\"195\" data-slug=\"mangalia\">Mangalia<\/option><option value=\"394\" data-slug=\"marghita\">Marghita<\/option><option value=\"90\" data-slug=\"medias\">Media\u0219<\/option><option value=\"365\" data-slug=\"mioveni\">Mioveni<\/option><option value=\"24\" data-slug=\"mogosoaia\">Mogo\u0219oaia<\/option><option value=\"387\" data-slug=\"onesti\">Onesti<\/option><option value=\"87\" data-slug=\"oradea\">Oradea<\/option><option value=\"314\" data-slug=\"pantelimon\">Pantelimon<\/option><option value=\"100\" data-slug=\"petrosani\">Petro\u0219ani<\/option><option value=\"148\" data-slug=\"plenita\">Pleni\u021ba<\/option><option value=\"308\" data-slug=\"recas\">Recas<\/option><option value=\"392\" data-slug=\"sanpetru\">Sanpetru<\/option><option value=\"156\" data-slug=\"satu-mare\">Satu Mare<\/option><option value=\"213\" data-slug=\"selimbar\">Selimbar<\/option><option value=\"51\" data-slug=\"sibiu\">Sibiu<\/option><option value=\"204\" data-slug=\"suceava\">Suceava<\/option><option value=\"217\" data-slug=\"targoviste\">T\u00e2rgovi\u0219te<\/option><option value=\"373\" data-slug=\"targu-neamt\">Targu Neamt<\/option><option value=\"203\" data-slug=\"tarnaveni\">T\u00e2rnaveni<\/option><option value=\"71\" data-slug=\"timisoara\">Timi\u0219oara<\/option><option value=\"187\" data-slug=\"toplita\">Topli\u021ba<\/option><option value=\"179\" data-slug=\"turnu-magurele\">Turnu M\u0103gurele<\/option><option value=\"101\" data-slug=\"vulcan\">Vulcan<\/option><option value=\"176\" data-slug=\"zimnicea\">Zimnicea<\/option><\/select><\/div><div class=\"awsm-filter-item\" data-filter=\"arie_spec\"><label for=\"awsm-arie-filter-option-1\" class=\"awsm-sr-only\">All areas<\/label><select name=\"awsm_job_spec[arie]\" class=\"awsm-filter-option awsm-arie-filter-option\" id=\"awsm-arie-filter-option-1\" aria-label=\"All areas\"><option value=\"\">All areas<\/option><option value=\"363\" data-slug=\"distributie\">Distribution<\/option><option value=\"21\" data-slug=\"farmacii\">Pharmacies<\/option><option value=\"39\" data-slug=\"logistica\">Logistics<\/option><option value=\"19\" data-slug=\"sediul-central\">Head Office<\/option><\/select><\/div><\/div><input type=\"hidden\" name=\"awsm_pagination_base\" value=\"https:\/\/drmaxromania.com\/en\/wp-json\/wp\/v2\/pages\/14873\/\"><input type=\"hidden\" name=\"paged\" value=\"1\"><input type=\"hidden\" name=\"action\" value=\"jobfilter\"><\/form><\/div>\n\t\t<div class=\"awsm-job-listings awsm-lists\" data-listings=\"5\">\n\t\t\t<div class=\"awsm-job-listing-item awsm-list-item\" id=\"awsm-list-item-34870\">\t\t<div class=\"awsm-job-item\">\t\t\t<div class=\"awsm-list-left-col\">\n\t\t\t\t\n\t\t\t\t\n\t\t\t\t<h2 class=\"awsm-job-post-title\">\n\t\t\t\t\t<a href=\"https:\/\/drmaxromania.com\/en\/job\/farmacist-sef-dr-max-tarnaveni\/\">Farmacist \u0218ef Dr. Max, T\u00e2rn\u0103veni<\/a>\t\t\t\t<\/h2>\n\n\t\t\t\t\t\t\t<\/div>\n\n\t\t\t<div class=\"awsm-list-right-col\">\n\t\t\t\t<div class=\"awsm-job-specification-wrapper\"><div class=\"awsm-job-specification-item awsm-job-specification-job-location\"><i class=\"awsm-job-icon-map-marker\"><\/i><span class=\"awsm-job-specification-term\">T\u00e2rnaveni<\/span> <\/div><div class=\"awsm-job-specification-item awsm-job-specification-arie\"><span class=\"awsm-job-specification-term\">Pharmacies<\/span> <\/div><\/div><div class=\"awsm-job-more-container\"><a class=\"awsm-job-more\" href=\"https:\/\/drmaxromania.com\/en\/job\/farmacist-sef-dr-max-tarnaveni\/\">Apply <span><\/span><\/a><\/div>\t\t\t<\/div>\n\t\t<\/div>\t<\/div><div class=\"awsm-job-listing-item awsm-list-item\" id=\"awsm-list-item-34867\">\t\t<div class=\"awsm-job-item\">\t\t\t<div class=\"awsm-list-left-col\">\n\t\t\t\t\n\t\t\t\t\n\t\t\t\t<h2 class=\"awsm-job-post-title\">\n\t\t\t\t\t<a href=\"https:\/\/drmaxromania.com\/en\/job\/farmacist-dr-max-brasov\/\">Farmacist Dr. Max, Bra\u0219ov<\/a>\t\t\t\t<\/h2>\n\n\t\t\t\t\t\t\t<\/div>\n\n\t\t\t<div class=\"awsm-list-right-col\">\n\t\t\t\t<div class=\"awsm-job-specification-wrapper\"><div class=\"awsm-job-specification-item awsm-job-specification-job-location\"><i class=\"awsm-job-icon-map-marker\"><\/i><span class=\"awsm-job-specification-term\">Bra\u0219ov<\/span> <\/div><div class=\"awsm-job-specification-item awsm-job-specification-arie\"><span class=\"awsm-job-specification-term\">Pharmacies<\/span> <\/div><\/div><div class=\"awsm-job-more-container\"><a class=\"awsm-job-more\" href=\"https:\/\/drmaxromania.com\/en\/job\/farmacist-dr-max-brasov\/\">Apply <span><\/span><\/a><\/div>\t\t\t<\/div>\n\t\t<\/div>\t<\/div><div class=\"awsm-job-listing-item awsm-list-item\" id=\"awsm-list-item-34721\">\t\t<div class=\"awsm-job-item\">\t\t\t<div class=\"awsm-list-left-col\">\n\t\t\t\t\n\t\t\t\t\n\t\t\t\t<h2 class=\"awsm-job-post-title\">\n\t\t\t\t\t<a href=\"https:\/\/drmaxromania.com\/en\/job\/consumer-content-lead\/\">Consumer Content Lead<\/a>\t\t\t\t<\/h2>\n\n\t\t\t\t\t\t\t<\/div>\n\n\t\t\t<div class=\"awsm-list-right-col\">\n\t\t\t\t<div class=\"awsm-job-specification-wrapper\"><div class=\"awsm-job-specification-item awsm-job-specification-job-location\"><i class=\"awsm-job-icon-map-marker\"><\/i><span class=\"awsm-job-specification-term\">Bucure\u0219ti<\/span> <\/div><div class=\"awsm-job-specification-item awsm-job-specification-arie\"><span class=\"awsm-job-specification-term\">Head Office<\/span> <\/div><\/div><div class=\"awsm-job-more-container\"><a class=\"awsm-job-more\" href=\"https:\/\/drmaxromania.com\/en\/job\/consumer-content-lead\/\">Apply <span><\/span><\/a><\/div>\t\t\t<\/div>\n\t\t<\/div>\t<\/div><div class=\"awsm-job-listing-item awsm-list-item\" id=\"awsm-list-item-34472\">\t\t<div class=\"awsm-job-item\">\t\t\t<div class=\"awsm-list-left-col\">\n\t\t\t\t\n\t\t\t\t\n\t\t\t\t<h2 class=\"awsm-job-post-title\">\n\t\t\t\t\t<a href=\"https:\/\/drmaxromania.com\/en\/job\/key-account-manager\/\">Key Account Manager<\/a>\t\t\t\t<\/h2>\n\n\t\t\t\t\t\t\t<\/div>\n\n\t\t\t<div class=\"awsm-list-right-col\">\n\t\t\t\t<div class=\"awsm-job-specification-wrapper\"><div class=\"awsm-job-specification-item awsm-job-specification-job-location\"><i class=\"awsm-job-icon-map-marker\"><\/i><span class=\"awsm-job-specification-term\">Cluj-Napoca<\/span> <\/div><div class=\"awsm-job-specification-item awsm-job-specification-arie\"><span class=\"awsm-job-specification-term\">Distribution<\/span> <\/div><\/div><div class=\"awsm-job-more-container\"><a class=\"awsm-job-more\" href=\"https:\/\/drmaxromania.com\/en\/job\/key-account-manager\/\">Apply <span><\/span><\/a><\/div>\t\t\t<\/div>\n\t\t<\/div>\t<\/div><div class=\"awsm-job-listing-item awsm-list-item\" id=\"awsm-list-item-34387\">\t\t<div class=\"awsm-job-item\">\t\t\t<div class=\"awsm-list-left-col\">\n\t\t\t\t\n\t\t\t\t\n\t\t\t\t<h2 class=\"awsm-job-post-title\">\n\t\t\t\t\t<a href=\"https:\/\/drmaxromania.com\/en\/job\/farmacist-dr-max-sector-1\/\">Farmacist Dr. Max, Sector 1<\/a>\t\t\t\t<\/h2>\n\n\t\t\t\t\t\t\t<\/div>\n\n\t\t\t<div class=\"awsm-list-right-col\">\n\t\t\t\t<div class=\"awsm-job-specification-wrapper\"><div class=\"awsm-job-specification-item awsm-job-specification-job-location\"><i class=\"awsm-job-icon-map-marker\"><\/i><span class=\"awsm-job-specification-term\">Bucure\u0219ti<\/span> <\/div><div class=\"awsm-job-specification-item awsm-job-specification-arie\"><span class=\"awsm-job-specification-term\">Pharmacies<\/span> <\/div><\/div><div class=\"awsm-job-more-container\"><a class=\"awsm-job-more\" href=\"https:\/\/drmaxromania.com\/en\/job\/farmacist-dr-max-sector-1\/\">Apply <span><\/span><\/a><\/div>\t\t\t<\/div>\n\t\t<\/div>\t<\/div><div class=\"awsm-jobs-pagination awsm-load-more-classic\" data-effect-duration=\"slow\"><ul class='page-numbers'>\n\t<li><span aria-current=\"page\" class=\"page-numbers current\">1<\/span><\/li>\n\t<li><a class=\"page-numbers\" href=\"https:\/\/drmaxromania.com\/en\/wp-json\/wp\/v2\/pages\/14873\/?paged=2\">2<\/a><\/li>\n\t<li><a class=\"page-numbers\" href=\"https:\/\/drmaxromania.com\/en\/wp-json\/wp\/v2\/pages\/14873\/?paged=3\">3<\/a><\/li>\n\t<li><span class=\"page-numbers dots\">&hellip;<\/span><\/li>\n\t<li><a class=\"page-numbers\" href=\"https:\/\/drmaxromania.com\/en\/wp-json\/wp\/v2\/pages\/14873\/?paged=13\">13<\/a><\/li>\n\t<li><a class=\"next page-numbers\" href=\"https:\/\/drmaxromania.com\/en\/wp-json\/wp\/v2\/pages\/14873\/?paged=2\">Next &raquo;<\/a><\/li>\n<\/ul>\n<\/div>\t\t<\/div>\n\n\t<\/div>\n\t<\/div>\n\t\t\t\t<\/div>\n\t\t\t\t<\/div>\n\t\t\t\t<div class=\"elementor-element elementor-element-fd5ab50 elementor-widget elementor-widget-shortcode\" data-id=\"fd5ab50\" data-element_type=\"widget\" data-widget_type=\"shortcode.default\">\n\t\t\t\t<div class=\"elementor-widget-container\">\n\t\t\t\t\t<div class=\"elementor-shortcode\"><form id=\"forminator-module-2453\" class=\"forminator-custom-form forminator-custom-form-2453\" method=\"post\" data-forminator-render=\"0\" data-uid=\"69df153b8e207\" action=\"\"><div role=\"alert\" aria-live=\"polite\" class=\"forminator-response-message forminator-error\" aria-hidden=\"true\"><\/div><input type=\"hidden\" name=\"trp-form-language\" value=\"en\"\/><\/form><\/div>\n\t\t\t\t<\/div>\n\t\t\t\t<\/div>\n\t\t\t\t\t<\/div>\n\t\t<\/div>\n\t\t\t\t\t\t\t<\/div>\n\t\t<\/section>\n\t\t\t\t<section class=\"elementor-section elementor-top-section elementor-element elementor-element-5b9810f elementor-hidden-desktop elementor-hidden-tablet elementor-hidden-mobile elementor-section-boxed elementor-section-height-default elementor-section-height-default\" data-id=\"5b9810f\" data-element_type=\"section\">\n\t\t\t\t\t\t<div class=\"elementor-container elementor-column-gap-default\">\n\t\t\t\t\t<div class=\"elementor-column elementor-col-100 elementor-top-column elementor-element elementor-element-2f5190d\" data-id=\"2f5190d\" data-element_type=\"column\">\n\t\t\t<div class=\"elementor-widget-wrap elementor-element-populated\">\n\t\t\t\t\t\t\t\t<div class=\"elementor-element elementor-element-e4ab68d elementor-widget elementor-widget-html\" data-id=\"e4ab68d\" data-element_type=\"widget\" data-widget_type=\"html.default\">\n\t\t\t\t<div class=\"elementor-widget-container\">\n\t\t\t<script>\r\nvar $jq = jQuery.noConflict();\r\n$jq(document).ready(function() {\r\n\r\n    $jq('body').addClass('js-on');\r\n\r\n});\r\n<\/script>\t\t<\/div>\n\t\t\t\t<\/div>\n\t\t\t\t\t<\/div>\n\t\t<\/div>\n\t\t\t\t\t\t\t<\/div>\n\t\t<\/section>\n\t\t\t\t\t\t\t<\/div>","protected":false},"excerpt":{"rendered":"<p>Aplic\u0103 rapid! \u00ce\u021bi dore\u0219ti s\u0103 faci parte din echipa Dr. Max Rom\u00e2nia? Te \u00eencuraj\u0103m s\u0103 ne la\u0219i mai jos datele tale de contact. Vom fi \u00eenc\u00e2nta\u021bi s\u0103 te contact\u0103m pentru a discuta despre oportunit\u0103\u021bile de carier\u0103 potrivite pentru tine.<\/p>","protected":false},"author":1,"featured_media":0,"parent":0,"menu_order":0,"comment_status":"closed","ping_status":"closed","template":"elementor_canvas","meta":{"footnotes":""},"class_list":["post-14873","page","type-page","status-publish","hentry","entry"],"yoast_head":"<!-- This site is optimized with the Yoast SEO plugin v20.6 - https:\/\/yoast.com\/wordpress\/plugins\/seo\/ -->\n<title>Oportunit\u0103\u021bi de carier\u0103 iframe - DrMaxRomania<\/title>\n<meta name=\"robots\" content=\"index, follow, max-snippet:-1, max-image-preview:large, max-video-preview:-1\" \/>\n<link rel=\"canonical\" href=\"https:\/\/drmaxromania.com\/en\/oportunitati-de-cariera-iframe\/\" \/>\n<meta property=\"og:locale\" content=\"en_GB\" \/>\n<meta property=\"og:type\" content=\"article\" \/>\n<meta property=\"og:title\" content=\"Oportunit\u0103\u021bi de carier\u0103 iframe - DrMaxRomania\" \/>\n<meta property=\"og:description\" content=\"Aplic\u0103 rapid! \u00ce\u021bi dore\u0219ti s\u0103 faci parte din echipa Dr. Max Rom\u00e2nia? Te \u00eencuraj\u0103m s\u0103 ne la\u0219i mai jos datele tale de contact. Vom fi \u00eenc\u00e2nta\u021bi s\u0103 te contact\u0103m pentru a discuta despre oportunit\u0103\u021bile de carier\u0103 potrivite pentru tine.\" \/>\n<meta property=\"og:url\" content=\"https:\/\/drmaxromania.com\/en\/oportunitati-de-cariera-iframe\/\" \/>\n<meta property=\"og:site_name\" content=\"DrMaxRomania\" \/>\n<meta property=\"article:publisher\" content=\"https:\/\/www.facebook.com\/AD-Pharma-248664498541950\/\" \/>\n<meta property=\"article:modified_time\" content=\"2025-01-31T11:44:11+00:00\" \/>\n<meta name=\"twitter:card\" content=\"summary_large_image\" \/>\n<meta name=\"twitter:label1\" content=\"Estimated reading time\" \/>\n\t<meta name=\"twitter:data1\" content=\"1 minute\" \/>\n<script type=\"application\/ld+json\" class=\"yoast-schema-graph\">{\"@context\":\"https:\/\/schema.org\",\"@graph\":[{\"@type\":\"WebPage\",\"@id\":\"https:\/\/drmaxromania.com\/en\/oportunitati-de-cariera-iframe\/\",\"url\":\"https:\/\/drmaxromania.com\/en\/oportunitati-de-cariera-iframe\/\",\"name\":\"Oportunit\u0103\u021bi de carier\u0103 iframe - DrMaxRomania\",\"isPartOf\":{\"@id\":\"https:\/\/drmaxromania.com\/#website\"},\"datePublished\":\"2025-01-31T11:42:00+00:00\",\"dateModified\":\"2025-01-31T11:44:11+00:00\",\"breadcrumb\":{\"@id\":\"https:\/\/drmaxromania.com\/en\/oportunitati-de-cariera-iframe\/#breadcrumb\"},\"inLanguage\":\"en-GB\",\"potentialAction\":[{\"@type\":\"ReadAction\",\"target\":[\"https:\/\/drmaxromania.com\/en\/oportunitati-de-cariera-iframe\/\"]}]},{\"@type\":\"BreadcrumbList\",\"@id\":\"https:\/\/drmaxromania.com\/en\/oportunitati-de-cariera-iframe\/#breadcrumb\",\"itemListElement\":[{\"@type\":\"ListItem\",\"position\":1,\"name\":\"Home\",\"item\":\"https:\/\/drmaxromania.com\/\"},{\"@type\":\"ListItem\",\"position\":2,\"name\":\"Oportunit\u0103\u021bi de carier\u0103 iframe\"}]},{\"@type\":\"WebSite\",\"@id\":\"https:\/\/drmaxromania.com\/#website\",\"url\":\"https:\/\/drmaxromania.com\/\",\"name\":\"DrMaxRomania\",\"description\":\"drmaxromania\",\"publisher\":{\"@id\":\"https:\/\/drmaxromania.com\/#organization\"},\"potentialAction\":[{\"@type\":\"SearchAction\",\"target\":{\"@type\":\"EntryPoint\",\"urlTemplate\":\"https:\/\/drmaxromania.com\/?s={search_term_string}\"},\"query-input\":\"required name=search_term_string\"}],\"inLanguage\":\"en-GB\"},{\"@type\":\"Organization\",\"@id\":\"https:\/\/drmaxromania.com\/#organization\",\"name\":\"DrMaxRomania\",\"url\":\"https:\/\/drmaxromania.com\/\",\"logo\":{\"@type\":\"ImageObject\",\"inLanguage\":\"en-GB\",\"@id\":\"https:\/\/drmaxromania.com\/#\/schema\/logo\/image\/\",\"url\":\"http:\/\/ro-wapp-ne-drmax-drmaxromania001prod.azurewebsites.net\/wp-content\/uploads\/2023\/03\/drmaxro-vert.png\",\"contentUrl\":\"http:\/\/ro-wapp-ne-drmax-drmaxromania001prod.azurewebsites.net\/wp-content\/uploads\/2023\/03\/drmaxro-vert.png\",\"width\":350,\"height\":203,\"caption\":\"DrMaxRomania\"},\"image\":{\"@id\":\"https:\/\/drmaxromania.com\/#\/schema\/logo\/image\/\"},\"sameAs\":[\"https:\/\/www.facebook.com\/AD-Pharma-248664498541950\/\",\"https:\/\/ro.linkedin.com\/company\/a&d-pharma\/\"]}]}<\/script>\n<!-- \/ Yoast SEO plugin. -->","yoast_head_json":{"title":"Oportunit\u0103\u021bi de carier\u0103 iframe - DrMaxRomania","robots":{"index":"index","follow":"follow","max-snippet":"max-snippet:-1","max-image-preview":"max-image-preview:large","max-video-preview":"max-video-preview:-1"},"canonical":"https:\/\/drmaxromania.com\/en\/oportunitati-de-cariera-iframe\/","og_locale":"en_GB","og_type":"article","og_title":"Oportunit\u0103\u021bi de carier\u0103 iframe - DrMaxRomania","og_description":"Aplic\u0103 rapid! \u00ce\u021bi dore\u0219ti s\u0103 faci parte din echipa Dr. Max Rom\u00e2nia? Te \u00eencuraj\u0103m s\u0103 ne la\u0219i mai jos datele tale de contact. Vom fi \u00eenc\u00e2nta\u021bi s\u0103 te contact\u0103m pentru a discuta despre oportunit\u0103\u021bile de carier\u0103 potrivite pentru tine.","og_url":"https:\/\/drmaxromania.com\/en\/oportunitati-de-cariera-iframe\/","og_site_name":"DrMaxRomania","article_publisher":"https:\/\/www.facebook.com\/AD-Pharma-248664498541950\/","article_modified_time":"2025-01-31T11:44:11+00:00","twitter_card":"summary_large_image","twitter_misc":{"Estimated reading time":"1 minute"},"schema":{"@context":"https:\/\/schema.org","@graph":[{"@type":"WebPage","@id":"https:\/\/drmaxromania.com\/en\/oportunitati-de-cariera-iframe\/","url":"https:\/\/drmaxromania.com\/en\/oportunitati-de-cariera-iframe\/","name":"Oportunit\u0103\u021bi de carier\u0103 iframe - DrMaxRomania","isPartOf":{"@id":"https:\/\/drmaxromania.com\/#website"},"datePublished":"2025-01-31T11:42:00+00:00","dateModified":"2025-01-31T11:44:11+00:00","breadcrumb":{"@id":"https:\/\/drmaxromania.com\/en\/oportunitati-de-cariera-iframe\/#breadcrumb"},"inLanguage":"en-GB","potentialAction":[{"@type":"ReadAction","target":["https:\/\/drmaxromania.com\/en\/oportunitati-de-cariera-iframe\/"]}]},{"@type":"BreadcrumbList","@id":"https:\/\/drmaxromania.com\/en\/oportunitati-de-cariera-iframe\/#breadcrumb","itemListElement":[{"@type":"ListItem","position":1,"name":"Home","item":"https:\/\/drmaxromania.com\/"},{"@type":"ListItem","position":2,"name":"Oportunit\u0103\u021bi de carier\u0103 iframe"}]},{"@type":"WebSite","@id":"https:\/\/drmaxromania.com\/#website","url":"https:\/\/drmaxromania.com\/","name":"DrMaxRomania","description":"drmaxromania","publisher":{"@id":"https:\/\/drmaxromania.com\/#organization"},"potentialAction":[{"@type":"SearchAction","target":{"@type":"EntryPoint","urlTemplate":"https:\/\/drmaxromania.com\/?s={search_term_string}"},"query-input":"required name=search_term_string"}],"inLanguage":"en-GB"},{"@type":"Organization","@id":"https:\/\/drmaxromania.com\/#organization","name":"DrMaxRomania","url":"https:\/\/drmaxromania.com\/","logo":{"@type":"ImageObject","inLanguage":"en-GB","@id":"https:\/\/drmaxromania.com\/#\/schema\/logo\/image\/","url":"http:\/\/ro-wapp-ne-drmax-drmaxromania001prod.azurewebsites.net\/wp-content\/uploads\/2023\/03\/drmaxro-vert.png","contentUrl":"http:\/\/ro-wapp-ne-drmax-drmaxromania001prod.azurewebsites.net\/wp-content\/uploads\/2023\/03\/drmaxro-vert.png","width":350,"height":203,"caption":"DrMaxRomania"},"image":{"@id":"https:\/\/drmaxromania.com\/#\/schema\/logo\/image\/"},"sameAs":["https:\/\/www.facebook.com\/AD-Pharma-248664498541950\/","https:\/\/ro.linkedin.com\/company\/a&d-pharma\/"]}]}},"_links":{"self":[{"href":"https:\/\/drmaxromania.com\/en\/wp-json\/wp\/v2\/pages\/14873","targetHints":{"allow":["GET"]}}],"collection":[{"href":"https:\/\/drmaxromania.com\/en\/wp-json\/wp\/v2\/pages"}],"about":[{"href":"https:\/\/drmaxromania.com\/en\/wp-json\/wp\/v2\/types\/page"}],"author":[{"embeddable":true,"href":"https:\/\/drmaxromania.com\/en\/wp-json\/wp\/v2\/users\/1"}],"replies":[{"embeddable":true,"href":"https:\/\/drmaxromania.com\/en\/wp-json\/wp\/v2\/comments?post=14873"}],"version-history":[{"count":3,"href":"https:\/\/drmaxromania.com\/en\/wp-json\/wp\/v2\/pages\/14873\/revisions"}],"predecessor-version":[{"id":14878,"href":"https:\/\/drmaxromania.com\/en\/wp-json\/wp\/v2\/pages\/14873\/revisions\/14878"}],"wp:attachment":[{"href":"https:\/\/drmaxromania.com\/en\/wp-json\/wp\/v2\/media?parent=14873"}],"curies":[{"name":"wp","href":"https:\/\/api.w.org\/{rel}","templated":true}]}}